{"id":9,"date":"2022-03-02T18:51:25","date_gmt":"2022-03-02T18:51:25","guid":{"rendered":"https:\/\/triduumbreda.nl\/?page_id=9"},"modified":"2026-02-16T19:44:31","modified_gmt":"2026-02-16T19:44:31","slug":"gasten","status":"publish","type":"page","link":"https:\/\/triduumbreda.nl\/?page_id=9","title":{"rendered":"Gasten"},"content":{"rendered":"\n<figure class=\"wp-block-image size-large\"><img fetchpriority=\"high\" decoding=\"async\" width=\"1024\" height=\"682\" src=\"https:\/\/triduumbreda.nl\/wp-content\/uploads\/2022\/02\/IMG_0039-1024x682.jpg\" alt=\"\" class=\"wp-image-13\" srcset=\"https:\/\/triduumbreda.nl\/wp-content\/uploads\/2022\/02\/IMG_0039-1024x682.jpg 1024w, https:\/\/triduumbreda.nl\/wp-content\/uploads\/2022\/02\/IMG_0039-300x200.jpg 300w, https:\/\/triduumbreda.nl\/wp-content\/uploads\/2022\/02\/IMG_0039-768x511.jpg 768w, https:\/\/triduumbreda.nl\/wp-content\/uploads\/2022\/02\/IMG_0039-1536x1023.jpg 1536w, https:\/\/triduumbreda.nl\/wp-content\/uploads\/2022\/02\/IMG_0039-2048x1364.jpg 2048w, https:\/\/triduumbreda.nl\/wp-content\/uploads\/2022\/02\/IMG_0039-1568x1044.jpg 1568w\" sizes=\"(max-width: 1024px) 100vw, 1024px\" \/><\/figure>\n\n\n\n<ul class=\"wp-block-list\">\n<li>Op maandag 13, dinsdag 14 en woensdag 15 juli 2026 wordt in de Sacramentskerk weer het jaarlijkse Tridu\u00fcm Breda (voorheen Ziekentridu\u00fcm Breda) georganiseerd.<br>Het Tridu\u00fcm vind plaats op maandag, dinsdag en woensdag.<\/li>\n\n\n\n<li>Het tridu\u00fcm begint elke dag om 10.15 uur en eindigt om 15.00 uur.<\/li>\n<\/ul>\n\n\n\n<ul class=\"wp-block-list\">\n<li>Wij zijn niet ingericht op gasten met dementie of gasten die bedlegerig zijn. Indien u extra zorg nodig hebt, neem dan telefonisch contact met ons op, dan bespreken we wat onze mogelijkheden zijn.<\/li>\n<\/ul>\n\n\n\n<ul class=\"wp-block-list\">\n<li>Onze gasten regelen zelf hun eigen vervoer. Dat kan priv\u00e9, maar vaak gaat dit via de deeltaxi.<\/li>\n\n\n\n<li>Door werkzaamheden is de Generaal Maczekstraat mogelijk nog afgesloten. Volg de omleidingsroute om op de Zandberglaan te komen.<\/li>\n\n\n\n<li>Let op: rondom de Sacramentskerk kunt U alleen betaald parkeren.  Op het kerkplein kunt U niet parkeren.<\/li>\n\n\n\n<li>Voor degenen die met de deeltaxi komen is het belangrijk het adres van de kerk te weten: <strong>Zandberglaan 58, 4818 GL&nbsp; Breda.<\/strong><br>U kunt het beste de deeltaxi bestellen om 09.15 uur en om 15.00 uur.<\/li>\n<\/ul>\n\n\n\n<ul class=\"wp-block-list\">\n<li>Na de viering wordt U een lunch aangeboden.<\/li>\n<\/ul>\n\n\n\n<ul class=\"wp-block-list\">\n<li>Na de lunch is er tijd voor ontspanning. Aansluitend volgt de dagsluiting in de kerk.<\/li>\n<\/ul>\n\n\n\n<ul class=\"wp-block-list\">\n<li>Als U iets wilt bijdragen in de kosten van het tridu\u00fcm, dan is dit mogelijk op de derde dag tijdens de collecte in de ochtendviering.<\/li>\n<\/ul>\n\n\n\n<ul class=\"wp-block-list\">\n<li>Op Uw deelnemerskaart, die persoonlijk is, staat een nummer; dit is het nummer van Uw plaats in de kerk. <strong>Wilt U alstublieft op deze plaats gaan en blijven zitten en Uw kaart duidelijk opspelden<\/strong>. Dit is in Uw en ons belang.<\/li>\n<\/ul>\n\n\n\n<ul class=\"wp-block-list\">\n<li>De gasten dienen, indien nodig, zelf hun incontinentiemateriaal mee te nemen.<\/li>\n<\/ul>\n\n\n\n<ul class=\"wp-block-list\">\n<li>Tijdens de tridu\u00fcmdagen zijn wij bereikbaar op telefoonnummer: 06 &#8211; 82 04 27 93 (vanaf 08.30 uur).<\/li>\n<\/ul>\n\n\n\n<ul class=\"wp-block-list\">\n<li>Voor eventuele vragen vooraf aan het tridu\u00fcm kunt U op dinsdagen bellen naar Marjolijn Goos-Euler: 06 &#8211; 82 04 27 93. Bij geen gehoor kunt u de voicemail inspreken. <br><\/li>\n<\/ul>\n\n\n\n<ul class=\"wp-block-list\">\n<li>Indien u verhinderd bent tijdens tridu\u00fcm graag bellen naar <br>06-82 04 27 9<\/li>\n<\/ul>\n","protected":false},"excerpt":{"rendered":"","protected":false},"author":1,"featured_media":0,"parent":0,"menu_order":0,"comment_status":"closed","ping_status":"closed","template":"","meta":{"footnotes":""},"class_list":["post-9","page","type-page","status-publish","hentry","entry"],"yoast_head":"<!-- This site is optimized with the Yoast SEO plugin v27.5 - https:\/\/yoast.com\/product\/yoast-seo-wordpress\/ -->\n<title>Gasten - Tridu\u00fcm Breda<\/title>\n<meta name=\"robots\" content=\"index, follow, max-snippet:-1, max-image-preview:large, max-video-preview:-1\" \/>\n<link rel=\"canonical\" href=\"https:\/\/triduumbreda.nl\/?page_id=9\" \/>\n<meta property=\"og:locale\" content=\"nl_NL\" \/>\n<meta property=\"og:type\" content=\"article\" \/>\n<meta property=\"og:title\" content=\"Gasten - Tridu\u00fcm Breda\" \/>\n<meta property=\"og:url\" content=\"https:\/\/triduumbreda.nl\/?page_id=9\" \/>\n<meta property=\"og:site_name\" content=\"Tridu\u00fcm Breda\" \/>\n<meta property=\"article:modified_time\" content=\"2026-02-16T19:44:31+00:00\" \/>\n<meta property=\"og:image\" content=\"https:\/\/triduumbreda.nl\/wp-content\/uploads\/2022\/02\/IMG_0039-scaled.jpg\" \/>\n\t<meta property=\"og:image:width\" content=\"2560\" \/>\n\t<meta property=\"og:image:height\" content=\"1704\" \/>\n\t<meta property=\"og:image:type\" content=\"image\/jpeg\" \/>\n<meta name=\"twitter:card\" content=\"summary_large_image\" \/>\n<meta name=\"twitter:label1\" content=\"Geschatte leestijd\" \/>\n\t<meta name=\"twitter:data1\" content=\"2 minuten\" \/>\n<script type=\"application\/ld+json\" class=\"yoast-schema-graph\">{\"@context\":\"https:\\\/\\\/schema.org\",\"@graph\":[{\"@type\":\"WebPage\",\"@id\":\"https:\\\/\\\/triduumbreda.nl\\\/?page_id=9\",\"url\":\"https:\\\/\\\/triduumbreda.nl\\\/?page_id=9\",\"name\":\"Gasten - Tridu\u00fcm Breda\",\"isPartOf\":{\"@id\":\"https:\\\/\\\/triduumbreda.nl\\\/#website\"},\"primaryImageOfPage\":{\"@id\":\"https:\\\/\\\/triduumbreda.nl\\\/?page_id=9#primaryimage\"},\"image\":{\"@id\":\"https:\\\/\\\/triduumbreda.nl\\\/?page_id=9#primaryimage\"},\"thumbnailUrl\":\"https:\\\/\\\/triduumbreda.nl\\\/wp-content\\\/uploads\\\/2022\\\/02\\\/IMG_0039-1024x682.jpg\",\"datePublished\":\"2022-03-02T18:51:25+00:00\",\"dateModified\":\"2026-02-16T19:44:31+00:00\",\"breadcrumb\":{\"@id\":\"https:\\\/\\\/triduumbreda.nl\\\/?page_id=9#breadcrumb\"},\"inLanguage\":\"nl-NL\",\"potentialAction\":[{\"@type\":\"ReadAction\",\"target\":[\"https:\\\/\\\/triduumbreda.nl\\\/?page_id=9\"]}]},{\"@type\":\"ImageObject\",\"inLanguage\":\"nl-NL\",\"@id\":\"https:\\\/\\\/triduumbreda.nl\\\/?page_id=9#primaryimage\",\"url\":\"https:\\\/\\\/triduumbreda.nl\\\/wp-content\\\/uploads\\\/2022\\\/02\\\/IMG_0039-1024x682.jpg\",\"contentUrl\":\"https:\\\/\\\/triduumbreda.nl\\\/wp-content\\\/uploads\\\/2022\\\/02\\\/IMG_0039-1024x682.jpg\"},{\"@type\":\"BreadcrumbList\",\"@id\":\"https:\\\/\\\/triduumbreda.nl\\\/?page_id=9#breadcrumb\",\"itemListElement\":[{\"@type\":\"ListItem\",\"position\":1,\"name\":\"Home\",\"item\":\"https:\\\/\\\/triduumbreda.nl\\\/\"},{\"@type\":\"ListItem\",\"position\":2,\"name\":\"Gasten\"}]},{\"@type\":\"WebSite\",\"@id\":\"https:\\\/\\\/triduumbreda.nl\\\/#website\",\"url\":\"https:\\\/\\\/triduumbreda.nl\\\/\",\"name\":\"Tridu\u00fcm Breda\",\"description\":\"3 dagen, 1 Tridu\u00fcm op ma-13\\\/ di-14 \\\/ woe-15 Juli 2026\",\"publisher\":{\"@id\":\"https:\\\/\\\/triduumbreda.nl\\\/#organization\"},\"potentialAction\":[{\"@type\":\"SearchAction\",\"target\":{\"@type\":\"EntryPoint\",\"urlTemplate\":\"https:\\\/\\\/triduumbreda.nl\\\/?s={search_term_string}\"},\"query-input\":{\"@type\":\"PropertyValueSpecification\",\"valueRequired\":true,\"valueName\":\"search_term_string\"}}],\"inLanguage\":\"nl-NL\"},{\"@type\":\"Organization\",\"@id\":\"https:\\\/\\\/triduumbreda.nl\\\/#organization\",\"name\":\"Ziekentriduum Breda\",\"url\":\"https:\\\/\\\/triduumbreda.nl\\\/\",\"logo\":{\"@type\":\"ImageObject\",\"inLanguage\":\"nl-NL\",\"@id\":\"https:\\\/\\\/triduumbreda.nl\\\/#\\\/schema\\\/logo\\\/image\\\/\",\"url\":\"https:\\\/\\\/triduumbreda.nl\\\/wp-content\\\/uploads\\\/2022\\\/02\\\/cropped-Logo-ZT-1.jpg\",\"contentUrl\":\"https:\\\/\\\/triduumbreda.nl\\\/wp-content\\\/uploads\\\/2022\\\/02\\\/cropped-Logo-ZT-1.jpg\",\"width\":216,\"height\":253,\"caption\":\"Ziekentriduum Breda\"},\"image\":{\"@id\":\"https:\\\/\\\/triduumbreda.nl\\\/#\\\/schema\\\/logo\\\/image\\\/\"}}]}<\/script>\n<!-- \/ Yoast SEO plugin. -->","yoast_head_json":{"title":"Gasten - Tridu\u00fcm Breda","robots":{"index":"index","follow":"follow","max-snippet":"max-snippet:-1","max-image-preview":"max-image-preview:large","max-video-preview":"max-video-preview:-1"},"canonical":"https:\/\/triduumbreda.nl\/?page_id=9","og_locale":"nl_NL","og_type":"article","og_title":"Gasten - Tridu\u00fcm Breda","og_url":"https:\/\/triduumbreda.nl\/?page_id=9","og_site_name":"Tridu\u00fcm Breda","article_modified_time":"2026-02-16T19:44:31+00:00","og_image":[{"width":2560,"height":1704,"url":"https:\/\/triduumbreda.nl\/wp-content\/uploads\/2022\/02\/IMG_0039-scaled.jpg","type":"image\/jpeg"}],"twitter_card":"summary_large_image","twitter_misc":{"Geschatte leestijd":"2 minuten"},"schema":{"@context":"https:\/\/schema.org","@graph":[{"@type":"WebPage","@id":"https:\/\/triduumbreda.nl\/?page_id=9","url":"https:\/\/triduumbreda.nl\/?page_id=9","name":"Gasten - Tridu\u00fcm Breda","isPartOf":{"@id":"https:\/\/triduumbreda.nl\/#website"},"primaryImageOfPage":{"@id":"https:\/\/triduumbreda.nl\/?page_id=9#primaryimage"},"image":{"@id":"https:\/\/triduumbreda.nl\/?page_id=9#primaryimage"},"thumbnailUrl":"https:\/\/triduumbreda.nl\/wp-content\/uploads\/2022\/02\/IMG_0039-1024x682.jpg","datePublished":"2022-03-02T18:51:25+00:00","dateModified":"2026-02-16T19:44:31+00:00","breadcrumb":{"@id":"https:\/\/triduumbreda.nl\/?page_id=9#breadcrumb"},"inLanguage":"nl-NL","potentialAction":[{"@type":"ReadAction","target":["https:\/\/triduumbreda.nl\/?page_id=9"]}]},{"@type":"ImageObject","inLanguage":"nl-NL","@id":"https:\/\/triduumbreda.nl\/?page_id=9#primaryimage","url":"https:\/\/triduumbreda.nl\/wp-content\/uploads\/2022\/02\/IMG_0039-1024x682.jpg","contentUrl":"https:\/\/triduumbreda.nl\/wp-content\/uploads\/2022\/02\/IMG_0039-1024x682.jpg"},{"@type":"BreadcrumbList","@id":"https:\/\/triduumbreda.nl\/?page_id=9#breadcrumb","itemListElement":[{"@type":"ListItem","position":1,"name":"Home","item":"https:\/\/triduumbreda.nl\/"},{"@type":"ListItem","position":2,"name":"Gasten"}]},{"@type":"WebSite","@id":"https:\/\/triduumbreda.nl\/#website","url":"https:\/\/triduumbreda.nl\/","name":"Tridu\u00fcm Breda","description":"3 dagen, 1 Tridu\u00fcm op ma-13\/ di-14 \/ woe-15 Juli 2026","publisher":{"@id":"https:\/\/triduumbreda.nl\/#organization"},"potentialAction":[{"@type":"SearchAction","target":{"@type":"EntryPoint","urlTemplate":"https:\/\/triduumbreda.nl\/?s={search_term_string}"},"query-input":{"@type":"PropertyValueSpecification","valueRequired":true,"valueName":"search_term_string"}}],"inLanguage":"nl-NL"},{"@type":"Organization","@id":"https:\/\/triduumbreda.nl\/#organization","name":"Ziekentriduum Breda","url":"https:\/\/triduumbreda.nl\/","logo":{"@type":"ImageObject","inLanguage":"nl-NL","@id":"https:\/\/triduumbreda.nl\/#\/schema\/logo\/image\/","url":"https:\/\/triduumbreda.nl\/wp-content\/uploads\/2022\/02\/cropped-Logo-ZT-1.jpg","contentUrl":"https:\/\/triduumbreda.nl\/wp-content\/uploads\/2022\/02\/cropped-Logo-ZT-1.jpg","width":216,"height":253,"caption":"Ziekentriduum Breda"},"image":{"@id":"https:\/\/triduumbreda.nl\/#\/schema\/logo\/image\/"}}]}},"_links":{"self":[{"href":"https:\/\/triduumbreda.nl\/index.php?rest_route=\/wp\/v2\/pages\/9","targetHints":{"allow":["GET"]}}],"collection":[{"href":"https:\/\/triduumbreda.nl\/index.php?rest_route=\/wp\/v2\/pages"}],"about":[{"href":"https:\/\/triduumbreda.nl\/index.php?rest_route=\/wp\/v2\/types\/page"}],"author":[{"embeddable":true,"href":"https:\/\/triduumbreda.nl\/index.php?rest_route=\/wp\/v2\/users\/1"}],"replies":[{"embeddable":true,"href":"https:\/\/triduumbreda.nl\/index.php?rest_route=%2Fwp%2Fv2%2Fcomments&post=9"}],"version-history":[{"count":32,"href":"https:\/\/triduumbreda.nl\/index.php?rest_route=\/wp\/v2\/pages\/9\/revisions"}],"predecessor-version":[{"id":507,"href":"https:\/\/triduumbreda.nl\/index.php?rest_route=\/wp\/v2\/pages\/9\/revisions\/507"}],"wp:attachment":[{"href":"https:\/\/triduumbreda.nl\/index.php?rest_route=%2Fwp%2Fv2%2Fmedia&parent=9"}],"curies":[{"name":"wp","href":"https:\/\/api.w.org\/{rel}","templated":true}]}}